{"id":21,"date":"2025-03-03T18:21:31","date_gmt":"2025-03-03T17:21:31","guid":{"rendered":"https:\/\/www.lesclesdelutece.com\/?page_id=21"},"modified":"2025-03-04T09:58:09","modified_gmt":"2025-03-04T08:58:09","slug":"notre-agence","status":"publish","type":"page","link":"https:\/\/www.lesclesdelutece.com\/index.php\/notre-agence\/","title":{"rendered":"Notre agence"},"content":{"rendered":"\t\t<div data-elementor-type=\"wp-page\" data-elementor-id=\"21\" class=\"elementor elementor-21\">\n\t\t\t\t<div class=\"elementor-element elementor-element-63587f6 e-flex e-con-boxed e-con e-parent\" data-id=\"63587f6\" data-element_type=\"container\">\n\t\t\t\t\t<div class=\"e-con-inner\">\n\t\t\t\t<div class=\"elementor-element elementor-element-eec94a9 elementor-widget elementor-widget-google_maps\" data-id=\"eec94a9\" data-element_type=\"widget\" data-widget_type=\"google_maps.default\">\n\t\t\t\t<div class=\"elementor-widget-container\">\n\t\t\t\t\t\t\t<div class=\"elementor-custom-embed\">\n\t\t\t<iframe loading=\"lazy\"\n\t\t\t\t\tsrc=\"https:\/\/maps.google.com\/maps?q=89%20bis%20rue%20lauriston%20&#038;t=m&#038;z=16&#038;output=embed&#038;iwloc=near\"\n\t\t\t\t\ttitle=\"89 bis rue lauriston \"\n\t\t\t\t\taria-label=\"89 bis rue lauriston \"\n\t\t\t><\/iframe>\n\t\t<\/div>\n\t\t\t\t\t\t<\/div>\n\t\t\t\t<\/div>\n\t\t\t\t\t<\/div>\n\t\t\t\t<\/div>\n\t\t<div class=\"elementor-element elementor-element-3e6c916 e-flex e-con-boxed e-con e-parent\" data-id=\"3e6c916\" data-element_type=\"container\">\n\t\t\t\t\t<div class=\"e-con-inner\">\n\t\t\t\t<div class=\"elementor-element elementor-element-e4e8526 elementor-widget elementor-widget-heading\" data-id=\"e4e8526\" data-element_type=\"widget\" data-widget_type=\"heading.default\">\n\t\t\t\t<div class=\"elementor-widget-container\">\n\t\t\t\t\t<h2 class=\"elementor-heading-title elementor-size-default\">Les Cl\u00e9s de Lut\u00e8ce<br><\/h2>\t\t\t\t<\/div>\n\t\t\t\t<\/div>\n\t\t\t\t\t<\/div>\n\t\t\t\t<\/div>\n\t\t<div class=\"elementor-element elementor-element-5be55f9 e-flex e-con-boxed e-con e-parent\" data-id=\"5be55f9\" data-element_type=\"container\">\n\t\t\t\t\t<div class=\"e-con-inner\">\n\t\t\t\t<div class=\"elementor-element elementor-element-6eb752c elementor-widget elementor-widget-heading\" data-id=\"6eb752c\" data-element_type=\"widget\" data-widget_type=\"heading.default\">\n\t\t\t\t<div class=\"elementor-widget-container\">\n\t\t\t\t\t<h2 class=\"elementor-heading-title elementor-size-default\"><b style=\", Arial, sans-serif;font-size: 14px\">LES CLES DE LUTECE<\/b><span style=\", Arial, sans-serif;font-size: 14px;font-weight: 400\">&nbsp;\u2013 S.A.R.L au Capital de 12 500 \u20ac \u2013 R.C.S. Paris B 498 750 827&nbsp;\u2013 Carte Transaction n\u00b0 T12197 d\u00e9livr\u00e9e par la Pr\u00e9fecture de Paris \u2013 Caisse de Garantie&nbsp;AXA<\/span><\/h2>\t\t\t\t<\/div>\n\t\t\t\t<\/div>\n\t\t\t\t\t<\/div>\n\t\t\t\t<\/div>\n\t\t\t\t<\/div>\n\t\t","protected":false},"excerpt":{"rendered":"<p>Les Cl\u00e9s de Lut\u00e8ce LES CLES DE LUTECE&nbsp;\u2013 S.A.R.L au Capital de 12 500 \u20ac \u2013 R.C.S. Paris B 498 750 827&nbsp;\u2013 Carte Transaction n\u00b0 T12197 d\u00e9livr\u00e9e par la Pr\u00e9fecture de Paris \u2013 Caisse de Garantie&nbsp;AXA<\/p>\n","protected":false},"author":1,"featured_media":0,"parent":0,"menu_order":0,"comment_status":"closed","ping_status":"closed","template":"","meta":{"footnotes":""},"class_list":["post-21","page","type-page","status-publish","hentry"],"_links":{"self":[{"href":"https:\/\/www.lesclesdelutece.com\/index.php\/wp-json\/wp\/v2\/pages\/21","targetHints":{"allow":["GET"]}}],"collection":[{"href":"https:\/\/www.lesclesdelutece.com\/index.php\/wp-json\/wp\/v2\/pages"}],"about":[{"href":"https:\/\/www.lesclesdelutece.com\/index.php\/wp-json\/wp\/v2\/types\/page"}],"author":[{"embeddable":true,"href":"https:\/\/www.lesclesdelutece.com\/index.php\/wp-json\/wp\/v2\/users\/1"}],"replies":[{"embeddable":true,"href":"https:\/\/www.lesclesdelutece.com\/index.php\/wp-json\/wp\/v2\/comments?post=21"}],"version-history":[{"count":9,"href":"https:\/\/www.lesclesdelutece.com\/index.php\/wp-json\/wp\/v2\/pages\/21\/revisions"}],"predecessor-version":[{"id":132,"href":"https:\/\/www.lesclesdelutece.com\/index.php\/wp-json\/wp\/v2\/pages\/21\/revisions\/132"}],"wp:attachment":[{"href":"https:\/\/www.lesclesdelutece.com\/index.php\/wp-json\/wp\/v2\/media?parent=21"}],"curies":[{"name":"wp","href":"https:\/\/api.w.org\/{rel}","templated":true}]}}