{"id":24,"date":"2025-03-03T18:48:44","date_gmt":"2025-03-03T17:48:44","guid":{"rendered":"https:\/\/www.lesclesdelutece.com\/?page_id=24"},"modified":"2025-03-04T10:59:16","modified_gmt":"2025-03-04T09:59:16","slug":"estimation-en-ligne","status":"publish","type":"page","link":"https:\/\/www.lesclesdelutece.com\/index.php\/estimation-en-ligne\/","title":{"rendered":"Estimation en ligne"},"content":{"rendered":"\t\t<div data-elementor-type=\"wp-page\" data-elementor-id=\"24\" class=\"elementor elementor-24\">\n\t\t\t\t<div class=\"elementor-element elementor-element-4fd4508 e-flex e-con-boxed e-con e-parent\" data-id=\"4fd4508\" data-element_type=\"container\">\n\t\t\t\t\t<div class=\"e-con-inner\">\n\t\t\t\t<div class=\"elementor-element elementor-element-c1ec211 elementor-widget elementor-widget-heading\" data-id=\"c1ec211\" data-element_type=\"widget\" data-widget_type=\"heading.default\">\n\t\t\t\t<div class=\"elementor-widget-container\">\n\t\t\t\t\t<h2 class=\"elementor-heading-title elementor-size-default\">Merci de remplir le formulaire ci-dessous.<\/h2>\t\t\t\t<\/div>\n\t\t\t\t<\/div>\n\t\t\t\t\t<\/div>\n\t\t\t\t<\/div>\n\t\t<div class=\"elementor-element elementor-element-c1e8d4b e-flex e-con-boxed e-con e-parent\" data-id=\"c1e8d4b\" data-element_type=\"container\">\n\t\t\t\t\t<div class=\"e-con-inner\">\n\t\t\t\t<div class=\"elementor-element elementor-element-94c6216 elementor-widget elementor-widget-wp-widget-frm_show_form\" data-id=\"94c6216\" data-element_type=\"widget\" data-widget_type=\"wp-widget-frm_show_form.default\">\n\t\t\t\t<div class=\"elementor-widget-container\">\n\t\t\t\t\t<div class=\"frm_form_widget\"><div class=\"frm_forms  with_frm_style frm_style_style-formidable\" id=\"frm_form_1_container\" >\n<form enctype=\"multipart\/form-data\" method=\"post\" class=\"frm-show-form \" id=\"form_contactestimation\" >\n<div class=\"frm_form_fields \">\n<fieldset>\n<legend class=\"frm_screen_reader\">Estimation en ligne<\/legend>\r\n\r\n<div class=\"frm_fields_container\">\n<input type=\"hidden\" name=\"frm_action\" value=\"create\" \/>\n<input type=\"hidden\" name=\"form_id\" value=\"1\" \/>\n<input type=\"hidden\" name=\"frm_hide_fields_1\" id=\"frm_hide_fields_1\" value=\"\" \/>\n<input type=\"hidden\" name=\"form_key\" value=\"contactestimation\" \/>\n<input type=\"hidden\" name=\"item_meta[0]\" value=\"\" \/>\n<input type=\"hidden\" id=\"frm_submit_entry_1\" name=\"frm_submit_entry_1\" value=\"650607a7e4\" \/><input type=\"hidden\" name=\"_wp_http_referer\" value=\"\/index.php\/wp-json\/wp\/v2\/pages\/24\" \/><div id=\"frm_field_7_container\" class=\"frm_form_field form-field  frm_required_field frm_top_container\">\r\n\t<label for=\"field_4qjps\" id=\"field_4qjps_label\" class=\"frm_primary_label\">Adresse\r\n\t\t<span class=\"frm_required\" aria-hidden=\"true\">*<\/span>\r\n\t<\/label>\r\n\t<input type=\"text\" id=\"field_4qjps\" name=\"item_meta[7]\" value=\"\"  data-reqmsg=\"Adresse ne peut pas \u00eatre vide.\" aria-required=\"true\" data-invmsg=\"Adresse est non valide\" aria-invalid=\"false\"  \/>\r\n\t\r\n\t\r\n<\/div>\n<div id=\"frm_field_1_container\" class=\"frm_form_field form-field  frm_required_field frm_top_container frm_first frm_half\">\r\n\t<label for=\"field_qh4icy\" id=\"field_qh4icy_label\" class=\"frm_primary_label\">Ville\r\n\t\t<span class=\"frm_required\" aria-hidden=\"true\">*<\/span>\r\n\t<\/label>\r\n\t<input type=\"text\" id=\"field_qh4icy\" name=\"item_meta[1]\" value=\"\"  data-reqmsg=\"Ville ne peut pas \u00eatre vide.\" aria-required=\"true\" data-invmsg=\"Ville est non valide\" aria-invalid=\"false\"  \/>\r\n\t\r\n\t\r\n<\/div>\n<div id=\"frm_field_2_container\" class=\"frm_form_field form-field  frm_required_field frm_hidden_container frm_half\">\r\n\t<label for=\"field_ocfup1\" id=\"field_ocfup1_label\" class=\"frm_primary_label\">Code postal\r\n\t\t<span class=\"frm_required\" aria-hidden=\"true\">*<\/span>\r\n\t<\/label>\r\n\t<input type=\"text\" id=\"field_ocfup1\" name=\"item_meta[2]\" value=\"\"  data-reqmsg=\"Code postal ne peut pas \u00eatre vide.\" aria-required=\"true\" data-invmsg=\"Code postal est non valide\" aria-invalid=\"false\"  \/>\r\n\t\r\n\t\r\n<\/div>\n<div id=\"frm_field_12_container\" class=\"frm_form_field form-field  frm_required_field frm_top_container\">\r\n\t<label for=\"field_w6ely\" id=\"field_w6ely_label\" class=\"frm_primary_label\">Type de bien\r\n\t\t<span class=\"frm_required\" aria-hidden=\"true\">*<\/span>\r\n\t<\/label>\r\n\t\t\t<select name=\"item_meta[12]\" id=\"field_w6ely\"  data-reqmsg=\"Type de bien ne peut pas \u00eatre vide.\" aria-required=\"true\" data-invmsg=\"Type de bien est non valide\" aria-invalid=\"false\"  >\n\t\t<option  value=\"Appartement\">Appartement<\/option><option  value=\"Maison \/ Villa\">Maison \/ Villa<\/option><option  value=\"Parking \/ Box\">Parking \/ Box<\/option><option  value=\"Boutiques\">Boutiques<\/option><option  value=\"Bureaux\">Bureaux<\/option>\t<\/select>\n\t\r\n\t\r\n\t\r\n<\/div>\n<div id=\"frm_field_9_container\" class=\"frm_form_field form-field  frm_top_container frm4 frm_first\">\r\n\t<label for=\"field_8tjzf\" id=\"field_8tjzf_label\" class=\"frm_primary_label\">Surface\r\n\t\t<span class=\"frm_required\" aria-hidden=\"true\"><\/span>\r\n\t<\/label>\r\n\t<input type=\"text\" id=\"field_8tjzf\" name=\"item_meta[9]\" value=\"\"  style=\"width:50px\" data-invmsg=\"Surface est non valide\" class=\"auto_width\" aria-invalid=\"false\"  \/>\r\n\t\r\n\t\r\n<\/div>\n<div id=\"frm_field_10_container\" class=\"frm_form_field form-field  frm_top_container frm4\">\r\n\t<label for=\"field_i0o5w\" id=\"field_i0o5w_label\" class=\"frm_primary_label\">Nombre de pi\u00e8ces\r\n\t\t<span class=\"frm_required\" aria-hidden=\"true\"><\/span>\r\n\t<\/label>\r\n\t<input type=\"number\" id=\"field_i0o5w\" name=\"item_meta[10]\" value=\"\"  data-invmsg=\"Nombre de pi\u00e8ces est non valide\" aria-invalid=\"false\"   min=\"1\" max=\"10\" step=\"1\"\/>\r\n\t\r\n\t\r\n<\/div>\n<div id=\"frm_field_11_container\" class=\"frm_form_field form-field  frm_top_container frm4\">\r\n\t<label for=\"field_lu2au\" id=\"field_lu2au_label\" class=\"frm_primary_label\">Nb salle(s) de bains\r\n\t\t<span class=\"frm_required\" aria-hidden=\"true\"><\/span>\r\n\t<\/label>\r\n\t<input type=\"number\" id=\"field_lu2au\" name=\"item_meta[11]\" value=\"\"  data-invmsg=\"Nb salle(s) de bains est non valide\" aria-invalid=\"false\"   min=\"1\" max=\"10\" step=\"1\"\/>\r\n\t\r\n\t\r\n<\/div>\n<div id=\"frm_field_8_container\" class=\"frm_form_field form-field  frm_top_container frm4 frm_first\">\r\n\t<label for=\"field_3cxld\" id=\"field_3cxld_label\" class=\"frm_primary_label\">Etage\r\n\t\t<span class=\"frm_required\" aria-hidden=\"true\"><\/span>\r\n\t<\/label>\r\n\t<input type=\"text\" id=\"field_3cxld\" name=\"item_meta[8]\" value=\"\"  style=\"width:50px\" data-invmsg=\"Etage est non valide\" class=\"auto_width\" aria-invalid=\"false\"  \/>\r\n\t\r\n\t\r\n<\/div>\n<div id=\"frm_field_13_container\" class=\"frm_form_field form-field  frm_top_container frm4\">\r\n\t<label for=\"field_vca62\" id=\"field_vca62_label\" class=\"frm_primary_label\">Nombre d'\u00e9tages\r\n\t\t<span class=\"frm_required\" aria-hidden=\"true\"><\/span>\r\n\t<\/label>\r\n\t<input type=\"number\" id=\"field_vca62\" name=\"item_meta[13]\" value=\"\"  data-invmsg=\"Nombre d&#039;\u00e9tages est non valide\" aria-invalid=\"false\"   min=\"1\" max=\"10\" step=\"1\"\/>\r\n\t\r\n\t\r\n<\/div>\n<div id=\"frm_field_14_container\" class=\"frm_form_field form-field  frm_top_container frm4\">\r\n\t<label for=\"field_m3t28\" id=\"field_m3t28_label\" class=\"frm_primary_label\">Ann\u00e9e de construction\r\n\t\t<span class=\"frm_required\" aria-hidden=\"true\"><\/span>\r\n\t<\/label>\r\n\t<input type=\"text\" id=\"field_m3t28\" name=\"item_meta[14]\" value=\"\"  data-invmsg=\"Ann\u00e9e de construction est non valide\" aria-invalid=\"false\"  \/>\r\n\t\r\n\t\r\n<\/div>\n<div id=\"frm_field_19_container\" class=\"frm_form_field form-field  frm_top_container frm4 frm_first vertical_radio\">\r\n\t<div  id=\"field_igmwn_label\" class=\"frm_primary_label\">Terrasse\r\n\t\t<span class=\"frm_required\" aria-hidden=\"true\"><\/span>\r\n\t<\/div>\r\n\t<div class=\"frm_opt_container\" aria-labelledby=\"field_igmwn_label\" role=\"group\">\t\t<div class=\"frm_checkbox\" id=\"frm_checkbox_19-0\">\t\t\t<label  for=\"field_igmwn-0\">\n\t\t\t<input type=\"checkbox\" name=\"item_meta[19][]\" id=\"field_igmwn-0\" value=\"Oui\"  data-invmsg=\"Terrasse est non valide\" aria-invalid=\"false\"   \/> Oui<\/label><\/div>\n\t\t<div class=\"frm_checkbox\" id=\"frm_checkbox_19-1\">\t\t\t<label  for=\"field_igmwn-1\">\n\t\t\t<input type=\"checkbox\" name=\"item_meta[19][]\" id=\"field_igmwn-1\" value=\"Non\"  data-invmsg=\"Terrasse est non valide\" aria-invalid=\"false\"   \/> Non<\/label><\/div>\n<\/div>\r\n\t\r\n\t\r\n<\/div>\n<div id=\"frm_field_18_container\" class=\"frm_form_field form-field  frm_top_container frm4 vertical_radio\">\r\n\t<div  id=\"field_7avsi_label\" class=\"frm_primary_label\">Balcon\r\n\t\t<span class=\"frm_required\" aria-hidden=\"true\"><\/span>\r\n\t<\/div>\r\n\t<div class=\"frm_opt_container\" aria-labelledby=\"field_7avsi_label\" role=\"group\">\t\t<div class=\"frm_checkbox\" id=\"frm_checkbox_18-0\">\t\t\t<label  for=\"field_7avsi-0\">\n\t\t\t<input type=\"checkbox\" name=\"item_meta[18][]\" id=\"field_7avsi-0\" value=\"Oui\"  data-invmsg=\"Balcon est non valide\" aria-invalid=\"false\"   \/> Oui<\/label><\/div>\n\t\t<div class=\"frm_checkbox\" id=\"frm_checkbox_18-1\">\t\t\t<label  for=\"field_7avsi-1\">\n\t\t\t<input type=\"checkbox\" name=\"item_meta[18][]\" id=\"field_7avsi-1\" value=\"Non\"  data-invmsg=\"Balcon est non valide\" aria-invalid=\"false\"   \/> Non<\/label><\/div>\n<\/div>\r\n\t\r\n\t\r\n<\/div>\n<div id=\"frm_field_17_container\" class=\"frm_form_field form-field  frm_top_container frm4 vertical_radio\">\r\n\t<div  id=\"field_9jlil_label\" class=\"frm_primary_label\">Ascenseur\r\n\t\t<span class=\"frm_required\" aria-hidden=\"true\"><\/span>\r\n\t<\/div>\r\n\t<div class=\"frm_opt_container\" aria-labelledby=\"field_9jlil_label\" role=\"group\">\t\t<div class=\"frm_checkbox\" id=\"frm_checkbox_17-0\">\t\t\t<label  for=\"field_9jlil-0\">\n\t\t\t<input type=\"checkbox\" name=\"item_meta[17][]\" id=\"field_9jlil-0\" value=\"Oui\"  data-invmsg=\"Ascenseur est non valide\" aria-invalid=\"false\"   \/> Oui<\/label><\/div>\n\t\t<div class=\"frm_checkbox\" id=\"frm_checkbox_17-1\">\t\t\t<label  for=\"field_9jlil-1\">\n\t\t\t<input type=\"checkbox\" name=\"item_meta[17][]\" id=\"field_9jlil-1\" value=\"Non\"  data-invmsg=\"Ascenseur est non valide\" aria-invalid=\"false\"   \/> Non<\/label><\/div>\n<\/div>\r\n\t\r\n\t\r\n<\/div>\n<div id=\"frm_field_20_container\" class=\"frm_form_field form-field  frm_top_container frm4 frm_first vertical_radio\">\r\n\t<div  id=\"field_swi35_label\" class=\"frm_primary_label\">Parking\r\n\t\t<span class=\"frm_required\" aria-hidden=\"true\"><\/span>\r\n\t<\/div>\r\n\t<div class=\"frm_opt_container\" aria-labelledby=\"field_swi35_label\" role=\"group\">\t\t<div class=\"frm_checkbox\" id=\"frm_checkbox_20-0\">\t\t\t<label  for=\"field_swi35-0\">\n\t\t\t<input type=\"checkbox\" name=\"item_meta[20][]\" id=\"field_swi35-0\" value=\"Oui\"  data-invmsg=\"Parking est non valide\" aria-invalid=\"false\"   \/> Oui<\/label><\/div>\n\t\t<div class=\"frm_checkbox\" id=\"frm_checkbox_20-1\">\t\t\t<label  for=\"field_swi35-1\">\n\t\t\t<input type=\"checkbox\" name=\"item_meta[20][]\" id=\"field_swi35-1\" value=\"Non\"  data-invmsg=\"Parking est non valide\" aria-invalid=\"false\"   \/> Non<\/label><\/div>\n<\/div>\r\n\t\r\n\t\r\n<\/div>\n<div id=\"frm_field_21_container\" class=\"frm_form_field form-field  frm_top_container frm4 vertical_radio\">\r\n\t<div  id=\"field_ux4js_label\" class=\"frm_primary_label\">Cave\r\n\t\t<span class=\"frm_required\" aria-hidden=\"true\"><\/span>\r\n\t<\/div>\r\n\t<div class=\"frm_opt_container\" aria-labelledby=\"field_ux4js_label\" role=\"group\">\t\t<div class=\"frm_checkbox\" id=\"frm_checkbox_21-0\">\t\t\t<label  for=\"field_ux4js-0\">\n\t\t\t<input type=\"checkbox\" name=\"item_meta[21][]\" id=\"field_ux4js-0\" value=\"Oui\"  data-invmsg=\"Cave est non valide\" aria-invalid=\"false\"   \/> Oui<\/label><\/div>\n\t\t<div class=\"frm_checkbox\" id=\"frm_checkbox_21-1\">\t\t\t<label  for=\"field_ux4js-1\">\n\t\t\t<input type=\"checkbox\" name=\"item_meta[21][]\" id=\"field_ux4js-1\" value=\"Non\"  data-invmsg=\"Cave est non valide\" aria-invalid=\"false\"   \/> Non<\/label><\/div>\n<\/div>\r\n\t\r\n\t\r\n<\/div>\n<div id=\"frm_field_22_container\" class=\"frm_form_field form-field  frm_top_container frm4 vertical_radio\">\r\n\t<div  id=\"field_xrtsz_label\" class=\"frm_primary_label\">Chambre de service\r\n\t\t<span class=\"frm_required\" aria-hidden=\"true\"><\/span>\r\n\t<\/div>\r\n\t<div class=\"frm_opt_container\" aria-labelledby=\"field_xrtsz_label\" role=\"group\">\t\t<div class=\"frm_checkbox\" id=\"frm_checkbox_22-0\">\t\t\t<label  for=\"field_xrtsz-0\">\n\t\t\t<input type=\"checkbox\" name=\"item_meta[22][]\" id=\"field_xrtsz-0\" value=\"Oui\"  data-invmsg=\"Chambre de service est non valide\" aria-invalid=\"false\"   \/> Oui<\/label><\/div>\n\t\t<div class=\"frm_checkbox\" id=\"frm_checkbox_22-1\">\t\t\t<label  for=\"field_xrtsz-1\">\n\t\t\t<input type=\"checkbox\" name=\"item_meta[22][]\" id=\"field_xrtsz-1\" value=\"Non\"  data-invmsg=\"Chambre de service est non valide\" aria-invalid=\"false\"   \/> Non<\/label><\/div>\n<\/div>\r\n\t\r\n\t\r\n<\/div>\n<div id=\"frm_field_15_container\" class=\"frm_form_field form-field  frm_top_container frm6 frm_first\">\r\n\t<label for=\"field_y6gms\" id=\"field_y6gms_label\" class=\"frm_primary_label\">Etat\r\n\t\t<span class=\"frm_required\" aria-hidden=\"true\"><\/span>\r\n\t<\/label>\r\n\t\t\t<select name=\"item_meta[15]\" id=\"field_y6gms\"  data-invmsg=\"Etat est non valide\" aria-invalid=\"false\"  >\n\t\t<option  value=\"Refait \u00e0 neuf\">Refait \u00e0 neuf<\/option><option  value=\"Bon\">Bon<\/option><option  value=\"A rafraichir\">A rafraichir<\/option><option  value=\"Travaux \u00e0 pr\u00e9voir\">Travaux \u00e0 pr\u00e9voir<\/option>\t<\/select>\n\t\r\n\t\r\n\t\r\n<\/div>\n<div id=\"frm_field_16_container\" class=\"frm_form_field form-field  frm_top_container frm6\">\r\n\t<label for=\"field_ykfx4\" id=\"field_ykfx4_label\" class=\"frm_primary_label\">Vue\r\n\t\t<span class=\"frm_required\" aria-hidden=\"true\"><\/span>\r\n\t<\/label>\r\n\t\t\t<select name=\"item_meta[16]\" id=\"field_ykfx4\"  data-invmsg=\"Vue est non valide\" aria-invalid=\"false\"  >\n\t\t<option  value=\"D\u00e9gag\u00e9e\">D\u00e9gag\u00e9e<\/option><option  value=\"Sur monument\">Sur monument<\/option><option  value=\"Sur rue\">Sur rue<\/option><option  value=\"Sur cour\">Sur cour<\/option><option  value=\"Sur jardin\">Sur jardin<\/option><option  value=\"Autres\">Autres<\/option>\t<\/select>\n\t\r\n\t\r\n\t\r\n<\/div>\n<div id=\"frm_field_23_container\" class=\"frm_form_field form-field  frm_required_field frm_top_container frm6 frm_first\">\r\n\t<label for=\"field_letu6\" id=\"field_letu6_label\" class=\"frm_primary_label\">Nom\r\n\t\t<span class=\"frm_required\" aria-hidden=\"true\">*<\/span>\r\n\t<\/label>\r\n\t<input type=\"text\" id=\"field_letu6\" name=\"item_meta[23]\" value=\"\"  data-reqmsg=\"Nom ne peut pas \u00eatre vide.\" aria-required=\"true\" data-invmsg=\"Nom est non valide\" aria-invalid=\"false\"  \/>\r\n\t\r\n\t\r\n<\/div>\n<div id=\"frm_field_24_container\" class=\"frm_form_field form-field  frm_required_field frm_top_container frm6\">\r\n\t<label for=\"field_8kztk\" id=\"field_8kztk_label\" class=\"frm_primary_label\">Pr\u00e9nom\r\n\t\t<span class=\"frm_required\" aria-hidden=\"true\">*<\/span>\r\n\t<\/label>\r\n\t<input type=\"text\" id=\"field_8kztk\" name=\"item_meta[24]\" value=\"\"  data-reqmsg=\"Pr\u00e9nom ne peut pas \u00eatre vide.\" aria-required=\"true\" data-invmsg=\"Pr\u00e9nom est non valide\" aria-invalid=\"false\"  \/>\r\n\t\r\n\t\r\n<\/div>\n<div id=\"frm_field_25_container\" class=\"frm_form_field form-field  frm_required_field frm_top_container frm6 frm_first\">\r\n\t<label for=\"field_40e6x\" id=\"field_40e6x_label\" class=\"frm_primary_label\">T\u00e9l\u00e9phone\r\n\t\t<span class=\"frm_required\" aria-hidden=\"true\">*<\/span>\r\n\t<\/label>\r\n\t<input type=\"text\" id=\"field_40e6x\" name=\"item_meta[25]\" value=\"\"  data-reqmsg=\"T\u00e9l\u00e9phone ne peut pas \u00eatre vide.\" aria-required=\"true\" data-invmsg=\"T\u00e9l\u00e9phone est non valide\" aria-invalid=\"false\"  \/>\r\n\t\r\n\t\r\n<\/div>\n<div id=\"frm_field_3_container\" class=\"frm_form_field form-field  frm_required_field frm_top_container frm6\">\r\n\t<label for=\"field_29yf4d\" id=\"field_29yf4d_label\" class=\"frm_primary_label\">Email\r\n\t\t<span class=\"frm_required\" aria-hidden=\"true\">*<\/span>\r\n\t<\/label>\r\n\t<input type=\"email\" id=\"field_29yf4d\" name=\"item_meta[3]\" value=\"\"  data-reqmsg=\"Email ne peut pas \u00eatre vide.\" aria-required=\"true\" data-invmsg=\"Please enter a valid email address\" aria-invalid=\"false\"  \/>\r\n\t\r\n\t\r\n<\/div>\n<div id=\"frm_field_4_container\" class=\"frm_form_field form-field  frm_required_field frm_top_container frm_full\">\r\n\t<label for=\"field_e6lis6\" id=\"field_e6lis6_label\" class=\"frm_primary_label\">Sujet\r\n\t\t<span class=\"frm_required\" aria-hidden=\"true\">*<\/span>\r\n\t<\/label>\r\n\t<input type=\"text\" id=\"field_e6lis6\" name=\"item_meta[4]\" value=\"\"  data-reqmsg=\"Sujet ne peut pas \u00eatre vide.\" aria-required=\"true\" data-invmsg=\"Sujet est non valide\" aria-invalid=\"false\"  \/>\r\n\t\r\n\t\r\n<\/div>\n<div id=\"frm_field_5_container\" class=\"frm_form_field form-field  frm_required_field frm_top_container frm_full\">\r\n\t<label for=\"field_9jv0r1\" id=\"field_9jv0r1_label\" class=\"frm_primary_label\">Message\r\n\t\t<span class=\"frm_required\" aria-hidden=\"true\">*<\/span>\r\n\t<\/label>\r\n\t<textarea name=\"item_meta[5]\" id=\"field_9jv0r1\" rows=\"5\"  data-reqmsg=\"Message ne peut pas \u00eatre vide.\" aria-required=\"true\" data-invmsg=\"Message est non valide\" aria-invalid=\"false\"  ><\/textarea>\r\n\t\r\n\t\r\n<\/div>\n<div id=\"frm_field_6_container\" class=\"frm_form_field form-field \">\r\n\t<div class=\"frm_submit frm_flex\">\r\n<button class=\"frm_button_submit\" type=\"submit\"  >Envoyer<\/button>\r\n\r\n\r\n\r\n<\/div>\r\n<\/div>\n\t<input type=\"hidden\" name=\"item_key\" value=\"\" \/>\n\t\t\t\t<div class=\"frm__67c5f6ee1022c\">\n\t\t\t\t<label for=\"frm_email_1\" >\n\t\t\t\t\tSi vous \u00eates un humain, ne remplissez pas ce champ.\t\t\t\t<\/label>\n\t\t\t\t<input  id=\"frm_email_1\" type=\"text\" class=\"frm_verify\" name=\"frm__67c5f6ee1022c\" value=\"\" autocomplete=\"off\"  \/>\n\t\t\t<\/div>\n\t\t<\/div>\n<\/fieldset>\n<\/div>\n\n<\/form>\n<\/div>\n<\/div>\t\t\t\t<\/div>\n\t\t\t\t<\/div>\n\t\t\t\t\t<\/div>\n\t\t\t\t<\/div>\n\t\t\t\t<\/div>\n\t\t","protected":false},"excerpt":{"rendered":"<p>Merci de remplir le formulaire ci-dessous.<\/p>\n","protected":false},"author":1,"featured_media":0,"parent":0,"menu_order":0,"comment_status":"closed","ping_status":"closed","template":"","meta":{"footnotes":""},"class_list":["post-24","page","type-page","status-publish","hentry"],"_links":{"self":[{"href":"https:\/\/www.lesclesdelutece.com\/index.php\/wp-json\/wp\/v2\/pages\/24","targetHints":{"allow":["GET"]}}],"collection":[{"href":"https:\/\/www.lesclesdelutece.com\/index.php\/wp-json\/wp\/v2\/pages"}],"about":[{"href":"https:\/\/www.lesclesdelutece.com\/index.php\/wp-json\/wp\/v2\/types\/page"}],"author":[{"embeddable":true,"href":"https:\/\/www.lesclesdelutece.com\/index.php\/wp-json\/wp\/v2\/users\/1"}],"replies":[{"embeddable":true,"href":"https:\/\/www.lesclesdelutece.com\/index.php\/wp-json\/wp\/v2\/comments?post=24"}],"version-history":[{"count":12,"href":"https:\/\/www.lesclesdelutece.com\/index.php\/wp-json\/wp\/v2\/pages\/24\/revisions"}],"predecessor-version":[{"id":174,"href":"https:\/\/www.lesclesdelutece.com\/index.php\/wp-json\/wp\/v2\/pages\/24\/revisions\/174"}],"wp:attachment":[{"href":"https:\/\/www.lesclesdelutece.com\/index.php\/wp-json\/wp\/v2\/media?parent=24"}],"curies":[{"name":"wp","href":"https:\/\/api.w.org\/{rel}","templated":true}]}}